{"id":848,"date":"2020-09-19T17:02:59","date_gmt":"2020-09-19T15:02:59","guid":{"rendered":"http:\/\/epekina.ch\/?page_id=848"},"modified":"2025-01-29T20:58:27","modified_gmt":"2025-01-29T19:58:27","slug":"mesmerize-2-2-2","status":"publish","type":"page","link":"https:\/\/epekina.ch\/index.php\/mesmerize-2-2-2\/?lang=en","title":{"rendered":"Main Page"},"content":{"rendered":"<div  id=\"about\" class=\"about-1 content-section\" style=\"background-color: #ffffff; background-image: none;\" data-label=\"About\" data-id=\"about--1\" data-export-id=\"about-1\" data-category=\"about\">\n<div  class=\"gridContainer\">\n<div  class=\"row text-center\">\n<div  class=\"section-title-col\" data-type=\"column\">\n<h2  class=\"\">We are Epekina<\/h2>\n<\/div>\n<\/div>\n<div  class=\"row\">\n<div  class=\"button-holder space-bottom space-bottom-small\" data-type=\"column\">\n<div  class=\"row text-center\">\n<div  class=\"section-title-col\" data-type=\"column\">\n<p  class=\"lead\">Name coming from the phonetic greek standing for \u201cbeyond\u201d<\/p>\n<p  class=\"lead\">We design virtual reality experiences for companies which would like to create an emotionally focused relationship with their target audience, clients or employees.<\/p>\n\n<\/div>\n<\/div>\n<\/div>\n<div  class=\"col-xs bottom-xs flexbox image-group-bottom-3-img space-bottom-xs center-xs\"><img  class=\"left-img shadow-large-black\" title=\"cropped-20052021_Workshop_Digicom-scaled-1.jpg\" src=\"https:\/\/epekina.ch\/wp-content\/uploads\/2021\/07\/cropped-20052021_Workshop_Digicom-scaled-1.jpg\" alt=\"\" data-size=\"500x300\"> <img  class=\"center-img shadow-large-black\" title=\"cropped-com.epekina.onboardingsecurity-20210615-221937-2.jpg\" src=\"https:\/\/epekina.ch\/wp-content\/uploads\/2021\/07\/cropped-com.epekina.onboardingsecurity-20210615-221937-2.jpg\" alt=\"\" data-size=\"500x300\"> <img  class=\"right-img shadow-large-black\" title=\"cropped-20052021_Workshop_Digicom_3-scaled-1.jpg\" src=\"https:\/\/epekina.ch\/wp-content\/uploads\/2021\/07\/cropped-20052021_Workshop_Digicom_3-scaled-1.jpg\" alt=\"\" data-size=\"500x300\"><\/div>\n<\/div>\n<\/div>\n<\/div><div  id=\"products\" class=\"features-12-card content-section content-section-spacing\" style=\"background-color: #ffffff; background-image: none;\" data-label=\"Products\" data-id=\"features--1\" data-export-id=\"features-12-card\" data-category=\"features\">\n<div  class=\"gridContainer\">\n<div  class=\"row text-center\">\n<div  class=\"section-title-col\" data-type=\"column\">\n<h2  class=\"\">\n<br >Products<\/h2>\n<p  class=\"lead\">Are the engagement and retention rates of current training courses not meeting your expectations?<\/p>\n<p  class=\"lead\">Discover a new, innovative form of e-learning that delivers better results than traditional training.<\/p>\n\n<\/div>\n<\/div>\n<div  class=\"row spaced-cols\" data-type=\"row\">\n<div  class=\"col-sm-6 col-md-12 \">\n<div  class=\"card row-card\">\n<div  class=\"row\">\n<div  class=\"col-sm-fit icon-column\"><\/div>\n<div  class=\"col-sm\" data-type=\"column\">\n<h5  class=\"color2\">Security game<\/h5>\n<p  class=\"\">First born of our virtuality experience and developed thanks to the expertise of a specialist in training.<\/p>\n<p  class=\"\">Put yourself in the shoes of an industrial thief. Find information scattered around business premises and discover how it can be used to cause harm.<\/p>\n<p  class=\"\">One thing is guaranteed, neither you nor your employees will make those types of mistake in the future.<\/p>\n<a class=\"\" href=\"https:\/\/collaborationbetterstheworld.com\/work\/empowering-employees-to-combat-cyber-threats-through-interactive-training\" target=\"_blank\" rel=\"noopener noreferrer\" data-cp-link=\"1\">More information<\/a>\n\n<\/div>\n<\/div>\n<\/div>\n<\/div>\n<div  class=\"col-sm-6 col-md-12 \">\n<div  class=\"card row-card\">\n<div  class=\"row\">\n<div  class=\"col-sm-fit icon-column\"><\/div>\n<div  class=\"col-sm\" data-type=\"column\">\n<h5  class=\"color2\">On demand applications<\/h5>\n<p  class=\"\">Curious of what virtual reality can do for you? Looking for a customised training course for your employees?<\/p>\n<p  class=\"\">Do not hesitate to contact us and let us discuss your needs together.<\/p>\n\n<\/div>\n<\/div>\n<\/div>\n<\/div>\n<\/div>\n<\/div>\n<\/div><div  id=\"our-team\" class=\"team-5 content-section content-section-spacing\" style=\"background-color: #ffffff; background-image: none;\" data-label=\"Our team\" data-id=\"team--1\" data-export-id=\"team-5\" data-category=\"team\">\n<div  class=\"gridContainer\">\n<div  class=\"row text-center\">\n<div  class=\"section-title-col\" data-type=\"column\">\n<h2  class=\"\">\n<br >Founders<\/h2>\n<p  class=\"lead\">We are passionate about new technologies and convinced of the potential of virtual reality.<\/p>\n\n<\/div>\n<\/div>\n<div  class=\"row spaced-cols content-center-sm\" data-type=\"row\">\n<div  class=\"col-xs-12 col-sm-6 col-padding col-md-6 \">\n<div  class=\"row \">\n<div  class=\"col-xs-12 col-sm-12\" data-type=\"column\"><img  class=\"round face\" title=\"cropped-cropped-Raphael-Cretegny-1-2.jpg\" src=\"https:\/\/epekina.ch\/wp-content\/uploads\/2019\/02\/cropped-cropped-Raphael-Cretegny-1-2.jpg\" alt=\"\">\n<h4  class=\"font-500\"><a href=\"https:\/\/www.linkedin.com\/in\/raphael-cretegny-1a85873\" target=\"_self\" rel=\"noopener noreferrer\" data-cp-link=\"1\" class=\"\">Rapha\u00ebl Cretegny<\/a><\/h4>\n<p  class=\"\">As far as he can remember, Rapha\u00ebl has always been fascinated about technologies and the way they impact the world.<\/p>\nConvinced that the extended reality will change the way of working, he decides to use his experience in the service of his conviction.\n<div  class=\"social-icons-group\" data-type=\"group\"><\/div>\n<\/div>\n<\/div>\n<\/div>\n<div  class=\"col-xs-12 col-sm-6 col-padding col-md-6 \">\n<div  class=\"row \">\n<div  class=\"col-xs-12 col-sm-12\" data-type=\"column\"><img  class=\"round face\" title=\"cropped-FGR.jpg\" src=\"https:\/\/epekina.ch\/wp-content\/uploads\/2024\/02\/cropped-FGR.jpg\" alt=\"\">\n<h4  class=\"font-500\"><a href=\"https:\/\/www.linkedin.com\/in\/frederic-grichting-2045893\" target=\"_self\" rel=\"noopener noreferrer\" data-cp-link=\"1\" class=\"\">Fr\u00e9d\u00e9ric Grichting<\/a><\/h4>\n<p  class=\"\">It\u2019s the video games that have shaped Fr\u00e9d\u00e9ric\u2019s passion for technology. From pixels to virtual reality, it\u2019s been almost 30 years that he has been following its evolution assiduously. After several experiences in sales and marketing, it was natural for him to start a business in this field.<\/p>\n\n<div  class=\"social-icons-group\" data-type=\"group\"><\/div>\n<\/div>\n<\/div>\n<\/div>\n<\/div>\n<\/div>\n<\/div><div  id=\"partners\" class=\"clients-3 content-section content-section-spacing\" style=\"background-color: #ffffff; background-image: none;\" data-label=\"Partners\" data-id=\"clients--1\" data-export-id=\"clients-3\" data-category=\"clients\">\n<div  class=\"gridContainer\">\n<div  class=\"row text-center\">\n<div  class=\"section-title-col\" data-type=\"column\">\n<h2  class=\"font-700\">Partners<\/h2>\n<\/div>\n<\/div>\n<div  class=\"row spaced-cols padding-lr center-xs\" data-type=\"row\">\n<div  class=\"col-xs-12 col-sm-3 col-md-6 \">\n<div  class=\"row middle-xs\">\n<div  class=\"col-xs-5 col-sm-4 logo-col\" data-fixed=\"true\"><a class=\"\" href=\"https:\/\/positivethinking.tech\" target=\"_blank\" rel=\"noopener noreferrer\" data-cp-link=\"1\"><img  title=\"cropped-cropped-PTC.png\" src=\"https:\/\/epekina.ch\/wp-content\/uploads\/2024\/01\/cropped-cropped-CBTW_LOGO_Wordmark_Classic-1.png\" alt=\"\"><\/a><\/div>\n<div  class=\"col-xs-7 col-sm-8 start-xs\" data-type=\"column\"><span  class=\"company-name\">Long-term partnership aiming at creating projects in augmented, virtual or mixed-reality, depending on the needs of CBTW\u2019s clients.<\/span><\/div>\n<\/div>\n<\/div>\n<div  class=\"col-xs-12 col-sm-3 col-md-6 \">\n<div  class=\"row middle-xs\">\n<div  class=\"col-xs-5 col-sm-4 logo-col\" data-fixed=\"true\"><a class=\"\" href=\"https:\/\/atelier-nova.ch\/en\" target=\"_blank\" rel=\"noopener noreferrer\" data-cp-link=\"1\"><img  title=\"cropped-AN-Logo-2019-5.jpg\" src=\"https:\/\/epekina.ch\/wp-content\/uploads\/2019\/08\/cropped-AN-Logo-2019-5.jpg\" alt=\"\"><\/a><\/div>\n<div  class=\"col-xs-7 col-sm-8 start-xs\" data-type=\"column\">\n\nProject made in virtual reality that allowed the client to visualize the premises of his future branch.\n\n<\/div>\n<\/div>\n<\/div>\n<\/div>\n<\/div>\n<\/div><div  id=\"blog\" class=\"portfolio-5 content-section content-section-spacing\" style=\"background-color: #ffffff; background-image: none;\" data-label=\"Blog\" data-id=\"portfolio--1\" data-export-id=\"portfolio-5\" data-category=\"portfolio\">\n<div  class=\"gridContainer\">\n<div  class=\"row text-center\">\n<div  class=\"section-title-col\" data-type=\"column\">\n<h2  class=\"\">Blog<\/h2>\n<\/div>\n<\/div>\n<div  class=\"row space-bottom spaced-cols center-sm content-center-sm\" data-type=\"row\">\n<div  class=\"col-xs-12 col-sm-4 text-center\">\n<div  class=\"card no-padding bordered\">\n<div  class=\"contentswap-effect\" data-hover-fx=\"portfolio-6\">\n<div  class=\"initial-image\"><img  src=\"https:\/\/epekina.ch\/wp-content\/uploads\/2019\/10\/cropped-GD1-2.png\" data-size=\"500x333\"><\/div>\n<div  class=\"overlay bg-color6\"><\/div>\n<div  class=\"swap-inner col-xs-12\">\n<div  class=\"row full-height-row middle-xs middle-sm\">\n<div  class=\"col-xs-12 text-center content-holder\"><a class=\"button small color2\" href=\"https:\/\/epekina.ch\/index.php\/mesmerize-2-2\/xr-ar-vr-please-help?lang=en\" target=\"_self\" rel=\"noopener noreferrer\" data-cp-link=\"1\" data-icon=\"\">Lire<\/a><\/div>\n<\/div>\n<\/div>\n<\/div>\n<div  class=\"col-xs-12\">\n<div  class=\"space-bottom space-top\" data-type=\"column\">\n<h5  class=\"\">XR, AR, RA, VR, RV, augmented reality, virtual reality \u2026 please help !<\/h5>\n<\/div>\n<\/div>\n<\/div>\n<\/div>\n<div  class=\"col-xs-12 col-sm-4 text-center\">\n<div  class=\"card no-padding bordered\">\n<div  class=\"contentswap-effect\" data-hover-fx=\"portfolio-6\">\n<div  class=\"initial-image\"><img  src=\"https:\/\/epekina.ch\/wp-content\/uploads\/2019\/10\/cropped-GD2.png\" data-size=\"500x333\"><\/div>\n<div  class=\"overlay bg-color6\"><\/div>\n<div  class=\"swap-inner col-xs-12\">\n<div  class=\"row full-height-row middle-xs middle-sm\">\n<div  class=\"col-xs-12 text-center content-holder\"><a class=\"button small color2\" href=\"https:\/\/epekina.ch\/index.php\/mesmerize-2-2\/differents-types-of-reality?lang=en\" target=\"_self\" rel=\"noopener noreferrer\" data-cp-link=\"1\" data-icon=\"\">Lire<\/a><\/div>\n<\/div>\n<\/div>\n<\/div>\n<div  class=\"col-xs-12\">\n<div  class=\"space-bottom space-top\" data-type=\"column\">\n<h5  class=\"\">Les diff\u00e9rents types de r\u00e9alit\u00e9s virtuelles<\/h5>\n<\/div>\n<\/div>\n<\/div>\n<\/div>\n<\/div>\n<div  class=\"row\">\n<div  class=\"col-xs-12 text-center\" data-type=\"column\"><\/div>\n<\/div>\n<\/div>\n<\/div>","protected":false},"excerpt":{"rendered":"<p>We are Epekina Name coming from the phonetic greek standing for \u201cbeyond\u201d We design virtual reality experiences for companies which would like to create an emotionally focused relationship with their target audience, clients or employees. Products Are the engagement and retention rates of current training courses not meeting your expectations? Discover a new, innovative form&hellip; <br \/> <a class=\"read-more\" href=\"https:\/\/epekina.ch\/index.php\/mesmerize-2-2-2\/?lang=en\">Lire la suite<\/a><\/p>\n","protected":false},"author":1,"featured_media":0,"parent":0,"menu_order":0,"comment_status":"closed","ping_status":"closed","template":"page-templates\/homepage.php","meta":[],"_links":{"self":[{"href":"https:\/\/epekina.ch\/index.php\/wp-json\/wp\/v2\/pages\/848"}],"collection":[{"href":"https:\/\/epekina.ch\/index.php\/wp-json\/wp\/v2\/pages"}],"about":[{"href":"https:\/\/epekina.ch\/index.php\/wp-json\/wp\/v2\/types\/page"}],"author":[{"embeddable":true,"href":"https:\/\/epekina.ch\/index.php\/wp-json\/wp\/v2\/users\/1"}],"replies":[{"embeddable":true,"href":"https:\/\/epekina.ch\/index.php\/wp-json\/wp\/v2\/comments?post=848"}],"version-history":[{"count":58,"href":"https:\/\/epekina.ch\/index.php\/wp-json\/wp\/v2\/pages\/848\/revisions"}],"predecessor-version":[{"id":1222,"href":"https:\/\/epekina.ch\/index.php\/wp-json\/wp\/v2\/pages\/848\/revisions\/1222"}],"wp:attachment":[{"href":"https:\/\/epekina.ch\/index.php\/wp-json\/wp\/v2\/media?parent=848"}],"curies":[{"name":"wp","href":"https:\/\/api.w.org\/{rel}","templated":true}]}}