{"id":4,"date":"2017-11-10T14:08:51","date_gmt":"2017-11-10T14:08:51","guid":{"rendered":"http:\/\/tag_link_site_url\/blog\/"},"modified":"2019-10-16T16:43:46","modified_gmt":"2019-10-16T14:43:46","slug":"xr-ar-vr-please-help","status":"publish","type":"page","link":"https:\/\/epekina.ch\/index.php\/main-page\/xr-ar-vr-please-help\/","title":{"rendered":"XR, AR, RA, VR, RV, augmented reality, virtual reality \u2026 please help !"},"content":{"rendered":"\n<div class=\"wp-block-image\"><figure class=\"aligncenter\"><img loading=\"lazy\" width=\"913\" height=\"422\" src=\"http:\/\/epekina.ch\/wp-content\/uploads\/2019\/10\/GD1.png\" alt=\"\" class=\"wp-image-584\" srcset=\"https:\/\/epekina.ch\/wp-content\/uploads\/2019\/10\/GD1.png 913w, https:\/\/epekina.ch\/wp-content\/uploads\/2019\/10\/GD1-300x139.png 300w, https:\/\/epekina.ch\/wp-content\/uploads\/2019\/10\/GD1-768x355.png 768w\" sizes=\"(max-width: 913px) 100vw, 913px\" \/><\/figure><\/div>\n\n\n\n<p>R\u00e9alit\u00e9 \u00e9tendue, r\u00e9alit\u00e9 mixte, r\u00e9alit\u00e9 virtuelle, r\u00e9alit\u00e9 augment\u00e9e, VR, AR, MR, XR, Virtual reality, Augmented Reality, Mixed reality, extended reality, etc.: il est tr\u00e8s difficile de se retrouver parmi tous ces termes ou acronymes et de comprendre qui est qui et pour quel contexte.&nbsp;&nbsp;<\/p>\n\n\n\n<p>Nous allons ainsi d\u00e9finir l&#8217;ensemble de ces paradigmes.&nbsp;<\/p>\n\n\n\n<p>Tout d&#8217;abord nous allons aborder la <strong>r\u00e9alit\u00e9 virtuelle<\/strong> (VR\/Virtual Reality ou RV\/R\u00e9alit\u00e9 virtuelle).&nbsp;<\/p>\n\n\n\n<p>Cette derni\u00e8re est un concept assez facile \u00e0 comprendre. La r\u00e9alit\u00e9 virtuelle&nbsp;vous permet d\u2019\u00eatre compl\u00e8tement immerg\u00e9 dans un nouveau monde: vous ne voyez plus du tout la r\u00e9alit\u00e9, vos rep\u00e8res n\u2019existent plus, vous \u00eates compl\u00e8tement immerg\u00e9 dans une autre r\u00e9alit\u00e9 et votre sens de la vision est compl\u00e8tement alt\u00e9r\u00e9.<\/p>\n\n\n\n<p>Avec ce type de r\u00e9alit\u00e9 alternative vous \u00eates capable d&#8217;effectuer des actions impossibles dans la r\u00e9alit\u00e9. Les lois de la physique peuvent ne plus s\u2019appliquer ou inversement, \u00eatre compl\u00e8tement r\u00e9alistes. Vous pouvez voyager dans un monde qui n&#8217;existe pas, visualiser des objets ou explorer de futurs b\u00e2timents. Vous pouvez aussi visiter des endroits d\u00e9truits par le cours de l\u2019histoire ou encore qui sont compl\u00e8tement imaginaires!&nbsp;<\/p>\n\n\n\n<p>Passons \u00e0 la notion de <strong>r\u00e9alit\u00e9 augment\u00e9e<\/strong>. Il existe deux types de familles de r\u00e9alit\u00e9 augment\u00e9e. Premi\u00e8rement, ce qu&#8217;on appelle la <strong>r\u00e9alit\u00e9 mixte<\/strong> et deuxi\u00e8mement, la <strong>r\u00e9alit\u00e9 augment\u00e9e<\/strong>.<\/p>\n\n\n\n<p>L\u2019exemple le plus simple pour la <strong>r\u00e9alit\u00e9 augment\u00e9e<\/strong> (RA ou augmented Reality ou AR) est via un produit: le Google Glass.&nbsp;Ce dernier permettait d&#8217;afficher les informations sur un tr\u00e8s petit \u00e9cran. Les informations de la r\u00e9alit\u00e9 augment\u00e9e ne sont pas corr\u00e9l\u00e9es au r\u00e9el. Il est donc impossible par exemple que ce type de r\u00e9alit\u00e9 augment\u00e9e se superpose \u00e0 100 % sur un objet du r\u00e9el contrairement \u00e0 la r\u00e9alit\u00e9 mixte.&nbsp;&nbsp;<\/p>\n\n\n\n<p>La diff\u00e9rence majeure entre la r\u00e9alit\u00e9 mixte (MR ou mixed reality) et la r\u00e9alit\u00e9 augment\u00e9e est le fait que <strong>la r\u00e9alit\u00e9 mixte <\/strong>comprend l&#8217;environnement dans lequel on travaille. Ainsi, dans la r\u00e9alit\u00e9 mixte il est tout \u00e0 fait possible d\u2019incruster des \u00e9l\u00e9ments virtuels dans le r\u00e9el. Vous pouvez donc poser sur une table votre prochain achat, un vase par exemple, ou quelque chose de moins terre \u00e0 terre comme un Pok\u00e9mon. Par abus de langage les gens parlent de la r\u00e9alit\u00e9 mixte et de la r\u00e9alit\u00e9 augment\u00e9e comme \u00e9tant de la r\u00e9alit\u00e9 augment\u00e9e.&nbsp;<\/p>\n\n\n\n<p>Terminons ce sujet avec un dernier paradigme, celui de la <strong>r\u00e9alit\u00e9 \u00e9tendue<\/strong> aussi appel\u00e9 XR (eXtended Reality).<\/p>\n\n\n\n<p>La r\u00e9alit\u00e9 \u00e9tendue est ce qui d\u00e9finit l&#8217;ensemble de tout ce qui alt\u00e8re la r\u00e9alit\u00e9 que ce soit de pr\u00e8s ou de loin. Toutes les technologies qui modifient le sens de la vision peuvent par cons\u00e9quent \u00eatre consid\u00e9r\u00e9es comme de la r\u00e9alit\u00e9 \u00e9tendue.&nbsp;&nbsp;<\/p>\n\n\n\n<p>Ce terme est souvent utilis\u00e9 dans le monde professionnel et en particulier dans l&#8217;industrie, au niveau des plateformes de jeu vid\u00e9o ou encore chez les constructeurs de hardware.\u00a0 <br><br>Si vous souhaitez obtenir plus informations sur des sujets similaires, il est fortement conseill\u00e9 de cibler vos recherches avec les termes en anglais et les acronymes en anglais.<\/p>\n\n\n\n<p>G\u00e9rald Dupont, CTO Epekina<\/p>\n\n\n\n<p><\/p>\n","protected":false},"excerpt":{"rendered":"<p>R\u00e9alit\u00e9 \u00e9tendue, r\u00e9alit\u00e9 mixte, r\u00e9alit\u00e9 virtuelle, r\u00e9alit\u00e9 augment\u00e9e, VR, AR, MR, XR, Virtual reality, Augmented Reality, Mixed reality, extended reality, etc.: il est tr\u00e8s difficile de se retrouver parmi tous ces termes ou acronymes et de comprendre qui est qui et pour quel contexte.&nbsp;&nbsp; Nous allons ainsi d\u00e9finir l&#8217;ensemble de ces paradigmes.&nbsp; Tout d&#8217;abord nous&hellip; <br \/> <a class=\"read-more\" href=\"https:\/\/epekina.ch\/index.php\/main-page\/xr-ar-vr-please-help\/\">Lire la suite<\/a><\/p>\n","protected":false},"author":1,"featured_media":584,"parent":65,"menu_order":0,"comment_status":"closed","ping_status":"closed","template":"","meta":[],"_links":{"self":[{"href":"https:\/\/epekina.ch\/index.php\/wp-json\/wp\/v2\/pages\/4"}],"collection":[{"href":"https:\/\/epekina.ch\/index.php\/wp-json\/wp\/v2\/pages"}],"about":[{"href":"https:\/\/epekina.ch\/index.php\/wp-json\/wp\/v2\/types\/page"}],"author":[{"embeddable":true,"href":"https:\/\/epekina.ch\/index.php\/wp-json\/wp\/v2\/users\/1"}],"replies":[{"embeddable":true,"href":"https:\/\/epekina.ch\/index.php\/wp-json\/wp\/v2\/comments?post=4"}],"version-history":[{"count":10,"href":"https:\/\/epekina.ch\/index.php\/wp-json\/wp\/v2\/pages\/4\/revisions"}],"predecessor-version":[{"id":626,"href":"https:\/\/epekina.ch\/index.php\/wp-json\/wp\/v2\/pages\/4\/revisions\/626"}],"up":[{"embeddable":true,"href":"https:\/\/epekina.ch\/index.php\/wp-json\/wp\/v2\/pages\/65"}],"wp:featuredmedia":[{"embeddable":true,"href":"https:\/\/epekina.ch\/index.php\/wp-json\/wp\/v2\/media\/584"}],"wp:attachment":[{"href":"https:\/\/epekina.ch\/index.php\/wp-json\/wp\/v2\/media?parent=4"}],"curies":[{"name":"wp","href":"https:\/\/api.w.org\/{rel}","templated":true}]}}